{"id":4,"date":"2021-10-24T10:00:55","date_gmt":"2021-10-24T10:00:55","guid":{"rendered":"https:\/\/ezidischesonnestuttgart.de\/?page_id=4"},"modified":"2021-10-27T18:10:09","modified_gmt":"2021-10-27T18:10:09","slug":"willkommen-auf-https-ezidischesonnestuttgart-de","status":"publish","type":"page","link":"https:\/\/ezidischesonnestuttgart.de\/","title":{"rendered":"Ezidische Sonne Stuttgart e.V."},"content":{"rendered":"\n<p>Die ,,Ezidische Sonne Stuttgart e.V. &#8220; ist ein neu gegr\u00fcndeter, gemeinn\u00fctziger Verein der neutral, unabh\u00e4ngig und ohne politische Ziele arbeitet.<\/p>\n\n\n\n<p><span class=\"has-inline-color has-black-color\"><strong>Schwerpunkte<\/strong><\/span>:   <\/p>\n\n\n\n<ol class=\"wp-block-list\"><li>Der Verein unterst\u00fctzt die jesidischen Opfer das Genozids im Irak durch humanit\u00e4re, finanzielle und medizinische Hilfe, Bildungsma\u00dfnahmen sowie Hilfe zur Selbstversorgung in der Stadt Shingal.<\/li><li>Der Verein bietet der jesidischen Minderheit in Stuttgart und Umgebung einen Ort, an dem sie ihre Br\u00e4uche und Feste feiern, Heimweh heilen, lachen und tanzen k\u00f6nnen. Er richtet die wichtigsten jesidischen Feste im Dezember und April aus.<\/li><li>Der Verein sorgt f\u00fcr Aufkl\u00e4rung und informiert \u00fcber die jesidische Religion und Kultur. Vereinsmitglieder K\u00f6nnen gerne f\u00fcr Vortr\u00e4ge angefragt werden<\/li><\/ol>\n\n\n\n<figure class=\"wp-block-gallery columns-1 is-cropped wp-block-gallery-1 is-layout-flex wp-block-gallery-is-layout-flex\"><ul class=\"blocks-gallery-grid\"><li class=\"blocks-gallery-item\"><figure><img loading=\"lazy\" decoding=\"async\" width=\"843\" height=\"500\" src=\"https:\/\/ezidischesonnestuttgart.de\/wp-content\/uploads\/2021\/10\/Logo-Ezidische-Sonne-Stuttgart.png\" alt=\"\" data-id=\"8\" data-full-url=\"https:\/\/ezidischesonnestuttgart.de\/wp-content\/uploads\/2021\/10\/Logo-Ezidische-Sonne-Stuttgart.png\" data-link=\"https:\/\/ezidischesonnestuttgart.de\/?attachment_id=8\" class=\"wp-image-8\" srcset=\"https:\/\/ezidischesonnestuttgart.de\/wp-content\/uploads\/2021\/10\/Logo-Ezidische-Sonne-Stuttgart.png 843w, https:\/\/ezidischesonnestuttgart.de\/wp-content\/uploads\/2021\/10\/Logo-Ezidische-Sonne-Stuttgart-300x178.png 300w, https:\/\/ezidischesonnestuttgart.de\/wp-content\/uploads\/2021\/10\/Logo-Ezidische-Sonne-Stuttgart-768x456.png 768w\" sizes=\"auto, (max-width: 843px) 100vw, 843px\" \/><\/figure><\/li><\/ul><figcaption class=\"blocks-gallery-caption\">Ezidische Sonne Stuttgart e.V.<\/figcaption><\/figure>\n\n\n\n<p><\/p>\n","protected":false},"excerpt":{"rendered":"<p>Die ,,Ezidische Sonne Stuttgart e.V. &#8220; ist ein neu gegr\u00fcndeter, gemeinn\u00fctziger Verein der neutral, unabh\u00e4ngig und ohne politische Ziele arbeitet. Schwerpunkte: Der Verein unterst\u00fctzt die jesidischen Opfer das Genozids im [&hellip;]<\/p>\n","protected":false},"author":1,"featured_media":0,"parent":0,"menu_order":0,"comment_status":"closed","ping_status":"open","template":"","meta":{"footnotes":""},"class_list":["post-4","page","type-page","status-publish","hentry"],"_links":{"self":[{"href":"https:\/\/ezidischesonnestuttgart.de\/index.php?rest_route=\/wp\/v2\/pages\/4","targetHints":{"allow":["GET"]}}],"collection":[{"href":"https:\/\/ezidischesonnestuttgart.de\/index.php?rest_route=\/wp\/v2\/pages"}],"about":[{"href":"https:\/\/ezidischesonnestuttgart.de\/index.php?rest_route=\/wp\/v2\/types\/page"}],"author":[{"embeddable":true,"href":"https:\/\/ezidischesonnestuttgart.de\/index.php?rest_route=\/wp\/v2\/users\/1"}],"replies":[{"embeddable":true,"href":"https:\/\/ezidischesonnestuttgart.de\/index.php?rest_route=%2Fwp%2Fv2%2Fcomments&post=4"}],"version-history":[{"count":1,"href":"https:\/\/ezidischesonnestuttgart.de\/index.php?rest_route=\/wp\/v2\/pages\/4\/revisions"}],"predecessor-version":[{"id":9,"href":"https:\/\/ezidischesonnestuttgart.de\/index.php?rest_route=\/wp\/v2\/pages\/4\/revisions\/9"}],"wp:attachment":[{"href":"https:\/\/ezidischesonnestuttgart.de\/index.php?rest_route=%2Fwp%2Fv2%2Fmedia&parent=4"}],"curies":[{"name":"wp","href":"https:\/\/api.w.org\/{rel}","templated":true}]}}